{"id":112068,"date":"2022-08-28T10:48:08","date_gmt":"2022-08-28T10:48:08","guid":{"rendered":"https:\/\/www.delmar-ingenieria.com\/servicios\/"},"modified":"2023-02-03T17:27:41","modified_gmt":"2023-02-03T17:27:41","slug":"services","status":"publish","type":"page","link":"https:\/\/www.delmar-ingenieria.com\/en\/services\/","title":{"rendered":"Services"},"content":{"rendered":"<p>[vc_row row_height_percent=&#8221;70&#8243; override_padding=&#8221;yes&#8221; h_padding=&#8221;2&#8243; top_padding=&#8221;5&#8243; bottom_padding=&#8221;5&#8243; back_color=&#8221;color-nhtu&#8221; back_image=&#8221;110695&#8243; back_image_auto=&#8221;yes&#8221; back_position=&#8221;center bottom&#8221; overlay_color=&#8221;color-jevc&#8221; overlay_alpha=&#8221;30&#8243; gutter_size=&#8221;3&#8243; column_width_percent=&#8221;100&#8243; shift_y=&#8221;0&#8243; z_index=&#8221;0&#8243; enable_bottom_divider=&#8221;default&#8221; bottom_divider=&#8221;gradient&#8221; shape_bottom_h_use_pixel=&#8221;true&#8221; shape_bottom_height_percent=&#8221;100&#8243; shape_bottom_color=&#8221;color-jevc&#8221; shape_bottom_opacity=&#8221;30&#8243; shape_bottom_index=&#8221;0&#8243; uncode_shortcode_id=&#8221;914101&#8243; back_color_type=&#8221;uncode-palette&#8221; overlay_color_type=&#8221;uncode-palette&#8221; shape_bottom_color_type=&#8221;uncode-palette&#8221;][vc_column column_width_percent=&#8221;100&#8243; position_vertical=&#8221;middle&#8221; align_horizontal=&#8221;align_center&#8221; gutter_size=&#8221;2&#8243; style=&#8221;dark&#8221; overlay_alpha=&#8221;50&#8243; shift_x=&#8221;0&#8243; shift_y=&#8221;0&#8243; shift_y_down=&#8221;0&#8243; z_index=&#8221;0&#8243; medium_width=&#8221;0&#8243; mobile_width=&#8221;0&#8243; width=&#8221;1\/1&#8243; uncode_shortcode_id=&#8221;152082&#8243;][vc_custom_heading auto_text=&#8221;yes&#8221; heading_semantic=&#8221;h1&#8243; text_size=&#8221;fontsize-338686&#8243; text_weight=&#8221;700&#8243; text_space=&#8221;fontspace-781688&#8243; uncode_shortcode_id=&#8221;123783&#8243;]Automatic Heading Text[\/vc_custom_heading][vc_empty_space empty_h=&#8221;0&#8243;][\/vc_column][\/vc_row][vc_row row_height_percent=&#8221;0&#8243; override_padding=&#8221;yes&#8221; h_padding=&#8221;2&#8243; top_padding=&#8221;4&#8243; bottom_padding=&#8221;4&#8243; back_color=&#8221;color-xsdn&#8221; back_image=&#8221;94890&#8243; back_repeat=&#8221;repeat&#8221; overlay_alpha=&#8221;50&#8243; gutter_size=&#8221;4&#8243; column_width_percent=&#8221;100&#8243; shift_y=&#8221;0&#8243; z_index=&#8221;0&#8243; uncode_shortcode_id=&#8221;603773&#8243; back_color_type=&#8221;uncode-palette&#8221; back_size=&#8221;initial&#8221; row_name=&#8221;Delmar Ingenier\u00eda&#8221;][vc_column column_width_percent=&#8221;100&#8243; gutter_size=&#8221;3&#8243; overlay_alpha=&#8221;50&#8243; shift_x=&#8221;0&#8243; shift_y=&#8221;0&#8243; shift_y_down=&#8221;0&#8243; z_index=&#8221;0&#8243; medium_width=&#8221;0&#8243; mobile_width=&#8221;0&#8243; css_animation=&#8221;alpha-anim&#8221; animation_speed=&#8221;1000&#8243; width=&#8221;1\/1&#8243; uncode_shortcode_id=&#8221;125117&#8243;][vc_custom_heading heading_semantic=&#8221;h3&#8243; text_font=&#8221;font-339240&#8243; text_height=&#8221;fontheight-357766&#8243; uncode_shortcode_id=&#8221;538995&#8243;]We carry out projects for the legalization of installations, opening projects and collaborations with architectural studios, construction companies, developers and town councils.[\/vc_custom_heading][\/vc_column][\/vc_row][vc_row row_height_percent=&#8221;0&#8243; override_padding=&#8221;yes&#8221; h_padding=&#8221;0&#8243; top_padding=&#8221;4&#8243; bottom_padding=&#8221;3&#8243; back_color=&#8221;color-lxmt&#8221; overlay_alpha=&#8221;100&#8243; equal_height=&#8221;yes&#8221; gutter_size=&#8221;3&#8243; column_width_percent=&#8221;100&#8243; shift_y=&#8221;0&#8243; z_index=&#8221;0&#8243; style=&#8221;inherited&#8221; uncode_shortcode_id=&#8221;443278&#8243; back_color_type=&#8221;uncode-palette&#8221;][vc_column column_width_percent=&#8221;100&#8243; gutter_size=&#8221;3&#8243; overlay_alpha=&#8221;50&#8243; shift_x=&#8221;0&#8243; shift_y=&#8221;0&#8243; shift_y_down=&#8221;0&#8243; z_index=&#8221;0&#8243; medium_width=&#8221;0&#8243; mobile_width=&#8221;0&#8243; width=&#8221;1\/3&#8243; uncode_shortcode_id=&#8221;433844&#8243; back_color_type=&#8221;uncode-solid&#8221; back_color_solid=&#8221;#ffffff&#8221;][vc_single_image media=&#8221;111450&#8243; caption=&#8221;yes&#8221; media_width_percent=&#8221;100&#8243; uncode_shortcode_id=&#8221;601444&#8243;][vc_custom_heading uncode_shortcode_id=&#8221;134786&#8243;]Complejos Residenciales[\/vc_custom_heading][vc_column_text uncode_shortcode_id=&#8221;129058&#8243;]Estudio y proyecto de todas las instalaciones desde el interior de la vivienda hasta el exterior, incluyendo las acometidas con las compa\u00f1\u00edas suministradoras de la zona.[\/vc_column_text][vc_separator sep_color=&#8221;&#8221; uncode_shortcode_id=&#8221;563419&#8243;][\/vc_column][vc_column column_width_percent=&#8221;100&#8243; gutter_size=&#8221;3&#8243; overlay_alpha=&#8221;50&#8243; shift_x=&#8221;0&#8243; shift_y=&#8221;0&#8243; shift_y_down=&#8221;0&#8243; z_index=&#8221;0&#8243; medium_width=&#8221;0&#8243; mobile_width=&#8221;0&#8243; width=&#8221;1\/3&#8243; uncode_shortcode_id=&#8221;119862&#8243; back_color_type=&#8221;uncode-solid&#8221; back_color_solid=&#8221;#ffffff&#8221;][vc_single_image media=&#8221;111470&#8243; caption=&#8221;yes&#8221; media_width_percent=&#8221;100&#8243; uncode_shortcode_id=&#8221;120662&#8243;][vc_custom_heading uncode_shortcode_id=&#8221;106063&#8243;]Villas Aisladas o Adosadas[\/vc_custom_heading][vc_column_text uncode_shortcode_id=&#8221;186644&#8243;]Estudio y proyecto de todas las instalaciones interiores de la vivienda y su conexionado con el exterior.[\/vc_column_text][vc_separator sep_color=&#8221;&#8221; uncode_shortcode_id=&#8221;563419&#8243;][\/vc_column][vc_column column_width_percent=&#8221;100&#8243; gutter_size=&#8221;3&#8243; overlay_alpha=&#8221;50&#8243; shift_x=&#8221;0&#8243; shift_y=&#8221;0&#8243; shift_y_down=&#8221;0&#8243; z_index=&#8221;0&#8243; medium_width=&#8221;0&#8243; mobile_width=&#8221;0&#8243; width=&#8221;1\/3&#8243; uncode_shortcode_id=&#8221;174430&#8243; back_color_type=&#8221;uncode-solid&#8221; back_color_solid=&#8221;#ffffff&#8221;][vc_single_image media=&#8221;111473&#8243; caption=&#8221;yes&#8221; media_width_percent=&#8221;100&#8243; uncode_shortcode_id=&#8221;119480&#8243;][vc_custom_heading uncode_shortcode_id=&#8221;147540&#8243;]Edificio de Apartamentos[\/vc_custom_heading][vc_column_text uncode_shortcode_id=&#8221;375986&#8243;]Estudio y proyecto de todas las instalaciones interiores de cada vivienda y su conexionado con el exterior.[\/vc_column_text][vc_separator sep_color=&#8221;&#8221; uncode_shortcode_id=&#8221;563419&#8243;][\/vc_column][\/vc_row][vc_row row_height_percent=&#8221;0&#8243; override_padding=&#8221;yes&#8221; h_padding=&#8221;0&#8243; top_padding=&#8221;0&#8243; bottom_padding=&#8221;3&#8243; back_color=&#8221;color-lxmt&#8221; overlay_alpha=&#8221;100&#8243; equal_height=&#8221;yes&#8221; gutter_size=&#8221;3&#8243; column_width_percent=&#8221;100&#8243; shift_y=&#8221;0&#8243; z_index=&#8221;0&#8243; style=&#8221;inherited&#8221; uncode_shortcode_id=&#8221;840205&#8243; back_color_type=&#8221;uncode-palette&#8221;][vc_column column_width_percent=&#8221;100&#8243; gutter_size=&#8221;3&#8243; overlay_alpha=&#8221;50&#8243; shift_x=&#8221;0&#8243; shift_y=&#8221;0&#8243; shift_y_down=&#8221;0&#8243; z_index=&#8221;0&#8243; medium_width=&#8221;0&#8243; mobile_width=&#8221;0&#8243; width=&#8221;1\/3&#8243; uncode_shortcode_id=&#8221;433844&#8243; back_color_type=&#8221;uncode-solid&#8221; back_color_solid=&#8221;#ffffff&#8221;][vc_single_image media=&#8221;111485&#8243; caption=&#8221;yes&#8221; media_width_percent=&#8221;100&#8243; uncode_shortcode_id=&#8221;176068&#8243;][vc_custom_heading uncode_shortcode_id=&#8221;619204&#8243;]Urbanizaciones[\/vc_custom_heading][vc_column_text uncode_shortcode_id=&#8221;648235&#8243;]Estudio y proyecto de la Dotaci\u00f3n de Servicios (Abastecimiento, Saneamiento, Red Media Tensi\u00f3n, Red Baja Tensi\u00f3n, Telecomunicaciones, Alumbrado P\u00fablico, etc.).[\/vc_column_text][vc_separator sep_color=&#8221;&#8221; uncode_shortcode_id=&#8221;563419&#8243;][\/vc_column][vc_column column_width_percent=&#8221;100&#8243; gutter_size=&#8221;3&#8243; overlay_alpha=&#8221;50&#8243; shift_x=&#8221;0&#8243; shift_y=&#8221;0&#8243; shift_y_down=&#8221;0&#8243; z_index=&#8221;0&#8243; medium_width=&#8221;0&#8243; mobile_width=&#8221;0&#8243; width=&#8221;1\/3&#8243; uncode_shortcode_id=&#8221;119862&#8243; back_color_type=&#8221;uncode-solid&#8221; back_color_solid=&#8221;#ffffff&#8221;][vc_single_image media=&#8221;111487&#8243; caption=&#8221;yes&#8221; media_width_percent=&#8221;100&#8243; uncode_shortcode_id=&#8221;426711&#8243;][vc_custom_heading uncode_shortcode_id=&#8221;106641&#8243;]Hoteles[\/vc_custom_heading][vc_column_text uncode_shortcode_id=&#8221;118920&#8243;]Estudio y proyecto de todas las instalaciones interiores de cada habitaci\u00f3n, zonas comunes y su conexionado con el exterior.[\/vc_column_text][vc_separator sep_color=&#8221;&#8221; uncode_shortcode_id=&#8221;563419&#8243;][\/vc_column][vc_column column_width_percent=&#8221;100&#8243; gutter_size=&#8221;3&#8243; overlay_alpha=&#8221;50&#8243; shift_x=&#8221;0&#8243; shift_y=&#8221;0&#8243; shift_y_down=&#8221;0&#8243; z_index=&#8221;0&#8243; medium_width=&#8221;0&#8243; mobile_width=&#8221;0&#8243; width=&#8221;1\/3&#8243; uncode_shortcode_id=&#8221;174430&#8243; back_color_type=&#8221;uncode-solid&#8221; back_color_solid=&#8221;#ffffff&#8221;][vc_single_image media=&#8221;111488&#8243; caption=&#8221;yes&#8221; media_width_percent=&#8221;100&#8243; uncode_shortcode_id=&#8221;690082&#8243;][vc_custom_heading uncode_shortcode_id=&#8221;142575&#8243;]Apartamentos Tur\u00edsticos[\/vc_custom_heading][vc_column_text uncode_shortcode_id=&#8221;255195&#8243;]Estudio y proyecto de todas las instalaciones interiores de cada apartamento, zonas comunes y su conexionado con el exterior.[\/vc_column_text][vc_separator sep_color=&#8221;&#8221; uncode_shortcode_id=&#8221;563419&#8243;][\/vc_column][\/vc_row][vc_row row_height_percent=&#8221;0&#8243; override_padding=&#8221;yes&#8221; h_padding=&#8221;0&#8243; top_padding=&#8221;0&#8243; bottom_padding=&#8221;3&#8243; back_color=&#8221;color-lxmt&#8221; overlay_alpha=&#8221;100&#8243; equal_height=&#8221;yes&#8221; gutter_size=&#8221;3&#8243; column_width_percent=&#8221;100&#8243; shift_y=&#8221;0&#8243; z_index=&#8221;0&#8243; style=&#8221;inherited&#8221; uncode_shortcode_id=&#8221;840205&#8243; back_color_type=&#8221;uncode-palette&#8221;][vc_column column_width_percent=&#8221;100&#8243; gutter_size=&#8221;3&#8243; overlay_alpha=&#8221;50&#8243; shift_x=&#8221;0&#8243; shift_y=&#8221;0&#8243; shift_y_down=&#8221;0&#8243; z_index=&#8221;0&#8243; medium_width=&#8221;0&#8243; mobile_width=&#8221;0&#8243; width=&#8221;1\/3&#8243; uncode_shortcode_id=&#8221;433844&#8243; back_color_type=&#8221;uncode-solid&#8221; back_color_solid=&#8221;#ffffff&#8221;][vc_single_image media=&#8221;111490&#8243; caption=&#8221;yes&#8221; media_width_percent=&#8221;100&#8243; uncode_shortcode_id=&#8221;272853&#8243;][vc_custom_heading uncode_shortcode_id=&#8221;641677&#8243;]Establecimientos Industriales y Centros Comerciales[\/vc_custom_heading][vc_column_text uncode_shortcode_id=&#8221;173635&#8243;]Estudio y proyecto de todas las instalaciones interiores y su conexionado con el exterior.[\/vc_column_text][vc_separator sep_color=&#8221;&#8221; uncode_shortcode_id=&#8221;563419&#8243;][\/vc_column][vc_column column_width_percent=&#8221;100&#8243; gutter_size=&#8221;3&#8243; overlay_alpha=&#8221;50&#8243; shift_x=&#8221;0&#8243; shift_y=&#8221;0&#8243; shift_y_down=&#8221;0&#8243; z_index=&#8221;0&#8243; medium_width=&#8221;0&#8243; mobile_width=&#8221;0&#8243; width=&#8221;1\/3&#8243; uncode_shortcode_id=&#8221;119862&#8243; back_color_type=&#8221;uncode-solid&#8221; back_color_solid=&#8221;#ffffff&#8221;][vc_single_image media=&#8221;111491&#8243; caption=&#8221;yes&#8221; media_width_percent=&#8221;100&#8243; uncode_shortcode_id=&#8221;195990&#8243;][vc_custom_heading uncode_shortcode_id=&#8221;154443&#8243;]Locales de P\u00fablica Concurrencia (Club Social, Farmacias, Co-Working, etc.)[\/vc_custom_heading][vc_column_text uncode_shortcode_id=&#8221;595463&#8243;]Estudio y proyecto de todas las instalaciones interiores y su conexionado con el exterior.[\/vc_column_text][vc_separator sep_color=&#8221;&#8221; uncode_shortcode_id=&#8221;563419&#8243;][\/vc_column][vc_column column_width_percent=&#8221;100&#8243; gutter_size=&#8221;3&#8243; overlay_alpha=&#8221;50&#8243; shift_x=&#8221;0&#8243; shift_y=&#8221;0&#8243; shift_y_down=&#8221;0&#8243; z_index=&#8221;0&#8243; medium_width=&#8221;0&#8243; mobile_width=&#8221;0&#8243; width=&#8221;1\/3&#8243; uncode_shortcode_id=&#8221;174430&#8243; back_color_type=&#8221;uncode-solid&#8221; back_color_solid=&#8221;#ffffff&#8221;][vc_single_image media=&#8221;111493&#8243; caption=&#8221;yes&#8221; media_width_percent=&#8221;100&#8243; uncode_shortcode_id=&#8221;189580&#8243;][vc_custom_heading uncode_shortcode_id=&#8221;327868&#8243;]Hosteler\u00eda (Restaurante, Bares, Cafeter\u00edas, etc.)[\/vc_custom_heading][vc_column_text uncode_shortcode_id=&#8221;209441&#8243;]Estudio y proyecto de todas las instalaciones interiores y su conexionado con el exterior.[\/vc_column_text][vc_separator sep_color=&#8221;&#8221; uncode_shortcode_id=&#8221;563419&#8243;][\/vc_column][\/vc_row]<\/p>\n","protected":false},"excerpt":{"rendered":"<p>[vc_row row_height_percent=&#8221;70&#8243; override_padding=&#8221;yes&#8221; h_padding=&#8221;2&#8243; top_padding=&#8221;5&#8243; bottom_padding=&#8221;5&#8243; back_color=&#8221;color-nhtu&#8221; back_image=&#8221;110695&#8243; back_image_auto=&#8221;yes&#8221; back_position=&#8221;center bottom&#8221; overlay_color=&#8221;color-jevc&#8221; overlay_alpha=&#8221;30&#8243; gutter_size=&#8221;3&#8243; column_width_percent=&#8221;100&#8243; shift_y=&#8221;0&#8243; z_index=&#8221;0&#8243; enable_bottom_divider=&#8221;default&#8221; bottom_divider=&#8221;gradient&#8221; shape_bottom_h_use_pixel=&#8221;true&#8221; [&hellip;]<\/p>\n","protected":false},"author":1,"featured_media":0,"parent":0,"menu_order":0,"comment_status":"closed","ping_status":"closed","template":"","meta":{"footnotes":""},"class_list":["post-112068","page","type-page","status-publish","hentry"],"yoast_head":"<!-- This site is optimized with the Yoast SEO plugin v20.8 - https:\/\/yoast.com\/wordpress\/plugins\/seo\/ -->\n<title>Services - Delmar Ingenier\u00eda<\/title>\n<meta name=\"robots\" content=\"index, follow, max-snippet:-1, max-image-preview:large, max-video-preview:-1\" \/>\n<link rel=\"canonical\" href=\"https:\/\/www.delmar-ingenieria.com\/en\/services\/\" \/>\n<meta property=\"og:locale\" content=\"en_US\" \/>\n<meta property=\"og:type\" content=\"article\" \/>\n<meta property=\"og:title\" content=\"Services - Delmar Ingenier\u00eda\" \/>\n<meta property=\"og:description\" content=\"[vc_row row_height_percent=&#8221;70&#8243; override_padding=&#8221;yes&#8221; h_padding=&#8221;2&#8243; top_padding=&#8221;5&#8243; bottom_padding=&#8221;5&#8243; back_color=&#8221;color-nhtu&#8221; back_image=&#8221;110695&#8243; back_image_auto=&#8221;yes&#8221; back_position=&#8221;center bottom&#8221; overlay_color=&#8221;color-jevc&#8221; overlay_alpha=&#8221;30&#8243; gutter_size=&#8221;3&#8243; column_width_percent=&#8221;100&#8243; shift_y=&#8221;0&#8243; z_index=&#8221;0&#8243; enable_bottom_divider=&#8221;default&#8221; bottom_divider=&#8221;gradient&#8221; shape_bottom_h_use_pixel=&#8221;true&#8221; [&hellip;]\" \/>\n<meta property=\"og:url\" content=\"https:\/\/www.delmar-ingenieria.com\/en\/services\/\" \/>\n<meta property=\"og:site_name\" content=\"Delmar Ingenier\u00eda\" \/>\n<meta property=\"article:modified_time\" content=\"2023-02-03T17:27:41+00:00\" \/>\n<meta name=\"twitter:card\" content=\"summary_large_image\" \/>\n<meta name=\"twitter:label1\" content=\"Est. reading time\" \/>\n\t<meta name=\"twitter:data1\" content=\"6 minutes\" \/>\n<script type=\"application\/ld+json\" class=\"yoast-schema-graph\">{\"@context\":\"https:\/\/schema.org\",\"@graph\":[{\"@type\":\"WebPage\",\"@id\":\"https:\/\/www.delmar-ingenieria.com\/en\/services\/\",\"url\":\"https:\/\/www.delmar-ingenieria.com\/en\/services\/\",\"name\":\"Services - Delmar Ingenier\u00eda\",\"isPartOf\":{\"@id\":\"https:\/\/www.delmar-ingenieria.com\/en\/#website\"},\"datePublished\":\"2022-08-28T10:48:08+00:00\",\"dateModified\":\"2023-02-03T17:27:41+00:00\",\"breadcrumb\":{\"@id\":\"https:\/\/www.delmar-ingenieria.com\/en\/services\/#breadcrumb\"},\"inLanguage\":\"en-US\",\"potentialAction\":[{\"@type\":\"ReadAction\",\"target\":[\"https:\/\/www.delmar-ingenieria.com\/en\/services\/\"]}]},{\"@type\":\"BreadcrumbList\",\"@id\":\"https:\/\/www.delmar-ingenieria.com\/en\/services\/#breadcrumb\",\"itemListElement\":[{\"@type\":\"ListItem\",\"position\":1,\"name\":\"Portada\",\"item\":\"https:\/\/www.delmar-ingenieria.com\/en\/\"},{\"@type\":\"ListItem\",\"position\":2,\"name\":\"Services\"}]},{\"@type\":\"WebSite\",\"@id\":\"https:\/\/www.delmar-ingenieria.com\/en\/#website\",\"url\":\"https:\/\/www.delmar-ingenieria.com\/en\/\",\"name\":\"Delmar Ingenier\u00eda\",\"description\":\"Estudio de ingenieria en Marbella, proyectos para la legalizaci\u00f3n de instalaciones, de apertura y colaboraciones con estudios de arquitectura.\",\"potentialAction\":[{\"@type\":\"SearchAction\",\"target\":{\"@type\":\"EntryPoint\",\"urlTemplate\":\"https:\/\/www.delmar-ingenieria.com\/en\/?s={search_term_string}\"},\"query-input\":\"required name=search_term_string\"}],\"inLanguage\":\"en-US\"}]}<\/script>\n<!-- \/ Yoast SEO plugin. -->","yoast_head_json":{"title":"Services - Delmar Ingenier\u00eda","robots":{"index":"index","follow":"follow","max-snippet":"max-snippet:-1","max-image-preview":"max-image-preview:large","max-video-preview":"max-video-preview:-1"},"canonical":"https:\/\/www.delmar-ingenieria.com\/en\/services\/","og_locale":"en_US","og_type":"article","og_title":"Services - Delmar Ingenier\u00eda","og_description":"[vc_row row_height_percent=&#8221;70&#8243; override_padding=&#8221;yes&#8221; h_padding=&#8221;2&#8243; top_padding=&#8221;5&#8243; bottom_padding=&#8221;5&#8243; back_color=&#8221;color-nhtu&#8221; back_image=&#8221;110695&#8243; back_image_auto=&#8221;yes&#8221; back_position=&#8221;center bottom&#8221; overlay_color=&#8221;color-jevc&#8221; overlay_alpha=&#8221;30&#8243; gutter_size=&#8221;3&#8243; column_width_percent=&#8221;100&#8243; shift_y=&#8221;0&#8243; z_index=&#8221;0&#8243; enable_bottom_divider=&#8221;default&#8221; bottom_divider=&#8221;gradient&#8221; shape_bottom_h_use_pixel=&#8221;true&#8221; [&hellip;]","og_url":"https:\/\/www.delmar-ingenieria.com\/en\/services\/","og_site_name":"Delmar Ingenier\u00eda","article_modified_time":"2023-02-03T17:27:41+00:00","twitter_card":"summary_large_image","twitter_misc":{"Est. reading time":"6 minutes"},"schema":{"@context":"https:\/\/schema.org","@graph":[{"@type":"WebPage","@id":"https:\/\/www.delmar-ingenieria.com\/en\/services\/","url":"https:\/\/www.delmar-ingenieria.com\/en\/services\/","name":"Services - Delmar Ingenier\u00eda","isPartOf":{"@id":"https:\/\/www.delmar-ingenieria.com\/en\/#website"},"datePublished":"2022-08-28T10:48:08+00:00","dateModified":"2023-02-03T17:27:41+00:00","breadcrumb":{"@id":"https:\/\/www.delmar-ingenieria.com\/en\/services\/#breadcrumb"},"inLanguage":"en-US","potentialAction":[{"@type":"ReadAction","target":["https:\/\/www.delmar-ingenieria.com\/en\/services\/"]}]},{"@type":"BreadcrumbList","@id":"https:\/\/www.delmar-ingenieria.com\/en\/services\/#breadcrumb","itemListElement":[{"@type":"ListItem","position":1,"name":"Portada","item":"https:\/\/www.delmar-ingenieria.com\/en\/"},{"@type":"ListItem","position":2,"name":"Services"}]},{"@type":"WebSite","@id":"https:\/\/www.delmar-ingenieria.com\/en\/#website","url":"https:\/\/www.delmar-ingenieria.com\/en\/","name":"Delmar Ingenier\u00eda","description":"Estudio de ingenieria en Marbella, proyectos para la legalizaci\u00f3n de instalaciones, de apertura y colaboraciones con estudios de arquitectura.","potentialAction":[{"@type":"SearchAction","target":{"@type":"EntryPoint","urlTemplate":"https:\/\/www.delmar-ingenieria.com\/en\/?s={search_term_string}"},"query-input":"required name=search_term_string"}],"inLanguage":"en-US"}]}},"_links":{"self":[{"href":"https:\/\/www.delmar-ingenieria.com\/en\/wp-json\/wp\/v2\/pages\/112068","targetHints":{"allow":["GET"]}}],"collection":[{"href":"https:\/\/www.delmar-ingenieria.com\/en\/wp-json\/wp\/v2\/pages"}],"about":[{"href":"https:\/\/www.delmar-ingenieria.com\/en\/wp-json\/wp\/v2\/types\/page"}],"author":[{"embeddable":true,"href":"https:\/\/www.delmar-ingenieria.com\/en\/wp-json\/wp\/v2\/users\/1"}],"replies":[{"embeddable":true,"href":"https:\/\/www.delmar-ingenieria.com\/en\/wp-json\/wp\/v2\/comments?post=112068"}],"version-history":[{"count":2,"href":"https:\/\/www.delmar-ingenieria.com\/en\/wp-json\/wp\/v2\/pages\/112068\/revisions"}],"predecessor-version":[{"id":112070,"href":"https:\/\/www.delmar-ingenieria.com\/en\/wp-json\/wp\/v2\/pages\/112068\/revisions\/112070"}],"wp:attachment":[{"href":"https:\/\/www.delmar-ingenieria.com\/en\/wp-json\/wp\/v2\/media?parent=112068"}],"curies":[{"name":"wp","href":"https:\/\/api.w.org\/{rel}","templated":true}]}}